{"id":797,"date":"2023-06-01T23:37:47","date_gmt":"2023-06-01T23:37:47","guid":{"rendered":"https:\/\/forosuami.izt.uam.mx\/?page_id=797"},"modified":"2023-06-08T07:42:58","modified_gmt":"2023-06-08T07:42:58","slug":"convocatoria","status":"publish","type":"page","link":"https:\/\/forosuami.izt.uam.mx\/index.php\/convocatoria\/","title":{"rendered":"Convocatoria cartel"},"content":{"rendered":"\t\t<div data-elementor-type=\"wp-page\" data-elementor-id=\"797\" class=\"elementor elementor-797\" data-elementor-post-type=\"page\">\n\t\t\t\t\t\t<section class=\"elementor-section elementor-top-section elementor-element elementor-element-dbf9d0d elementor-hidden-mobile elementor-section-boxed elementor-section-height-default elementor-section-height-default jltma-glass-effect-no\" data-id=\"dbf9d0d\" data-element_type=\"section\" data-settings=\"{&quot;background_background&quot;:&quot;classic&quot;}\">\n\t\t\t\t\t\t<div class=\"elementor-container elementor-column-gap-default\">\n\t\t\t\t\t<div class=\"elementor-column elementor-col-50 elementor-top-column elementor-element elementor-element-a81592c jltma-glass-effect-no\" data-id=\"a81592c\" data-element_type=\"column\" data-settings=\"{&quot;background_background&quot;:&quot;classic&quot;}\">\n\t\t\t<div class=\"elementor-widget-wrap elementor-element-populated\">\n\t\t\t\t\t\t<div class=\"elementor-element elementor-element-53e19df jltma-glass-effect-no elementor-widget elementor-widget-image\" data-id=\"53e19df\" data-element_type=\"widget\" data-widget_type=\"image.default\">\n\t\t\t\t<div class=\"elementor-widget-container\">\n\t\t\t\t\t\t\t\t\t\t\t\t\t\t\t\t<a href=\"http:\/\/forosuami.izt.uam.mx\">\n\t\t\t\t\t\t\t<img fetchpriority=\"high\" decoding=\"async\" width=\"300\" height=\"197\" src=\"https:\/\/forosuami.izt.uam.mx\/wp-content\/uploads\/2023\/05\/logoFA3.png\" class=\"attachment-medium size-medium wp-image-597\" alt=\"\" \/>\t\t\t\t\t\t\t\t<\/a>\n\t\t\t\t\t\t\t\t\t\t\t\t\t\t\t<\/div>\n\t\t\t\t<\/div>\n\t\t\t\t\t<\/div>\n\t\t<\/div>\n\t\t\t\t<div class=\"elementor-column elementor-col-25 elementor-top-column elementor-element elementor-element-cd38665 jltma-glass-effect-no\" data-id=\"cd38665\" data-element_type=\"column\" data-settings=\"{&quot;background_background&quot;:&quot;classic&quot;}\">\n\t\t\t<div class=\"elementor-widget-wrap elementor-element-populated\">\n\t\t\t\t\t\t<div class=\"elementor-element elementor-element-78f29cd jltma-glass-effect-no elementor-widget elementor-widget-image\" data-id=\"78f29cd\" data-element_type=\"widget\" data-widget_type=\"image.default\">\n\t\t\t\t<div class=\"elementor-widget-container\">\n\t\t\t\t\t\t\t\t\t\t\t\t\t\t\t\t<a href=\"http:\/\/www.izt.uam.mx\" target=\"_blank\">\n\t\t\t\t\t\t\t<img decoding=\"async\" width=\"300\" height=\"82\" src=\"https:\/\/forosuami.izt.uam.mx\/wp-content\/uploads\/2023\/05\/logos.png\" class=\"attachment-medium size-medium wp-image-76\" alt=\"\" \/>\t\t\t\t\t\t\t\t<\/a>\n\t\t\t\t\t\t\t\t\t\t\t\t\t\t\t<\/div>\n\t\t\t\t<\/div>\n\t\t\t\t\t<\/div>\n\t\t<\/div>\n\t\t\t\t<div class=\"elementor-column elementor-col-25 elementor-top-column elementor-element elementor-element-7c5eae4 jltma-glass-effect-no\" data-id=\"7c5eae4\" data-element_type=\"column\" data-settings=\"{&quot;background_background&quot;:&quot;classic&quot;}\">\n\t\t\t<div class=\"elementor-widget-wrap elementor-element-populated\">\n\t\t\t\t\t\t<div class=\"elementor-element elementor-element-9ea32b5 jltma-glass-effect-no elementor-widget elementor-widget-spacer\" data-id=\"9ea32b5\" data-element_type=\"widget\" data-widget_type=\"spacer.default\">\n\t\t\t\t<div class=\"elementor-widget-container\">\n\t\t\t\t\t\t\t<div class=\"elementor-spacer\">\n\t\t\t<div class=\"elementor-spacer-inner\"><\/div>\n\t\t<\/div>\n\t\t\t\t\t\t<\/div>\n\t\t\t\t<\/div>\n\t\t\t\t\t<\/div>\n\t\t<\/div>\n\t\t\t\t\t<\/div>\n\t\t<\/section>\n\t\t\t\t<section class=\"elementor-section elementor-top-section elementor-element elementor-element-752ab92 elementor-section-boxed elementor-section-height-default elementor-section-height-default jltma-glass-effect-no\" data-id=\"752ab92\" data-element_type=\"section\">\n\t\t\t\t\t\t<div class=\"elementor-container elementor-column-gap-default\">\n\t\t\t\t\t<div class=\"elementor-column elementor-col-100 elementor-top-column elementor-element elementor-element-4cad149 jltma-glass-effect-no\" data-id=\"4cad149\" data-element_type=\"column\" data-settings=\"{&quot;background_background&quot;:&quot;classic&quot;}\">\n\t\t\t<div class=\"elementor-widget-wrap elementor-element-populated\">\n\t\t\t\t\t\t<div class=\"elementor-element elementor-element-a3ff215 elementor-hidden-desktop elementor-hidden-tablet jltma-glass-effect-no elementor-widget elementor-widget-image\" data-id=\"a3ff215\" data-element_type=\"widget\" data-widget_type=\"image.default\">\n\t\t\t\t<div class=\"elementor-widget-container\">\n\t\t\t\t\t\t\t\t\t\t\t\t\t\t\t\t<a href=\"http:\/\/www.izt.uam.mx\" target=\"_blank\">\n\t\t\t\t\t\t\t<img decoding=\"async\" width=\"800\" height=\"235\" src=\"https:\/\/forosuami.izt.uam.mx\/wp-content\/uploads\/2023\/05\/logoFA2-y-uam-2.png\" class=\"attachment-large size-large wp-image-599\" alt=\"\" \/>\t\t\t\t\t\t\t\t<\/a>\n\t\t\t\t\t\t\t\t\t\t\t\t\t\t\t<\/div>\n\t\t\t\t<\/div>\n\t\t\t\t\t<\/div>\n\t\t<\/div>\n\t\t\t\t\t<\/div>\n\t\t<\/section>\n\t\t\t\t<section class=\"elementor-section elementor-top-section elementor-element elementor-element-b95b3bb elementor-section-boxed elementor-section-height-default elementor-section-height-default jltma-glass-effect-no\" data-id=\"b95b3bb\" data-element_type=\"section\">\n\t\t\t\t\t\t<div class=\"elementor-container elementor-column-gap-default\">\n\t\t\t\t\t<div class=\"elementor-column elementor-col-100 elementor-top-column elementor-element elementor-element-a28c461 jltma-glass-effect-no\" data-id=\"a28c461\" data-element_type=\"column\" data-settings=\"{&quot;background_background&quot;:&quot;classic&quot;}\">\n\t\t\t<div class=\"elementor-widget-wrap elementor-element-populated\">\n\t\t\t\t\t\t<div class=\"elementor-element elementor-element-c6e095c jltma-glass-effect-no elementor-widget elementor-widget-ma-headlines\" data-id=\"c6e095c\" data-element_type=\"widget\" data-settings=\"{&quot;anim_delay&quot;:2428}\" data-widget_type=\"ma-headlines.default\">\n\t\t\t\t<div class=\"elementor-widget-container\">\n\t\t\t\t\t\t\t<div id=\"jltma-heading-c6e095c\" class=\"jltma-animated-heading\">\n\t\t\t<div class=\"jltma-animated-heading-wrapper\">\n\t\t\t\t<h3 class=\"jltma-animated-heading-title jltma-animated-headline  rotate-1 main-title\" id=\"jltma-animated-heading-c6e095c\">\n\t\t\t\t\t<span class=\"first-heading\">\n\t\t\t\t\t\tFECHA L\u00cdMITE PARA EL ENV\u00cdO DE RES\u00daMENES\t\t\t\t\t<\/span>\n\t\t\t\t\t<span class=\"jltma-words-wrapper\">\n\t\t\t\t\t\t\t\t\t\t\t\t\t<b class=\"second-heading is-visible\">\n\t\t\t\t\t\t\t\t14 DE JUNIO\t\t\t\t\t\t\t<\/b>\n\t\t\t\t\t\t\t\t\t\t\t<\/span>\n\t\t\t\t<\/h3>\n\t\t\t<\/div>\n\t\t<\/div>\n\n\t\t\t\t<\/div>\n\t\t\t\t<\/div>\n\t\t\t\t<div class=\"elementor-element elementor-element-f6f952c jltma-glass-effect-no elementor-widget elementor-widget-spacer\" data-id=\"f6f952c\" data-element_type=\"widget\" data-widget_type=\"spacer.default\">\n\t\t\t\t<div class=\"elementor-widget-container\">\n\t\t\t\t\t\t\t<div class=\"elementor-spacer\">\n\t\t\t<div class=\"elementor-spacer-inner\"><\/div>\n\t\t<\/div>\n\t\t\t\t\t\t<\/div>\n\t\t\t\t<\/div>\n\t\t\t\t\t<\/div>\n\t\t<\/div>\n\t\t\t\t\t<\/div>\n\t\t<\/section>\n\t\t\t\t<section class=\"elementor-section elementor-top-section elementor-element elementor-element-1a8c1f0 elementor-section-boxed elementor-section-height-default elementor-section-height-default jltma-glass-effect-no\" data-id=\"1a8c1f0\" data-element_type=\"section\" data-settings=\"{&quot;background_background&quot;:&quot;classic&quot;}\">\n\t\t\t\t\t\t<div class=\"elementor-container elementor-column-gap-default\">\n\t\t\t\t\t<div class=\"elementor-column elementor-col-16 elementor-top-column elementor-element elementor-element-d77889a jltma-glass-effect-no\" data-id=\"d77889a\" data-element_type=\"column\" data-settings=\"{&quot;background_background&quot;:&quot;classic&quot;}\">\n\t\t\t<div class=\"elementor-widget-wrap elementor-element-populated\">\n\t\t\t\t\t\t<div class=\"elementor-element elementor-element-3c77acc elementor-hidden-mobile jltma-glass-effect-no elementor-widget elementor-widget-image\" data-id=\"3c77acc\" data-element_type=\"widget\" data-widget_type=\"image.default\">\n\t\t\t\t<div class=\"elementor-widget-container\">\n\t\t\t\t\t\t\t\t\t\t\t\t\t\t\t<img loading=\"lazy\" decoding=\"async\" width=\"388\" height=\"1024\" src=\"https:\/\/forosuami.izt.uam.mx\/wp-content\/uploads\/2023\/05\/izq.png\" class=\"attachment-large size-large wp-image-261\" alt=\"\" \/>\t\t\t\t\t\t\t\t\t\t\t\t\t\t\t<\/div>\n\t\t\t\t<\/div>\n\t\t\t\t\t<\/div>\n\t\t<\/div>\n\t\t\t\t<div class=\"elementor-column elementor-col-66 elementor-top-column elementor-element elementor-element-acdde33 jltma-glass-effect-no\" data-id=\"acdde33\" data-element_type=\"column\" data-settings=\"{&quot;background_background&quot;:&quot;classic&quot;}\">\n\t\t\t<div class=\"elementor-widget-wrap elementor-element-populated\">\n\t\t\t\t\t\t<div class=\"elementor-element elementor-element-bb23b14 jltma-glass-effect-no elementor-widget elementor-widget-heading\" data-id=\"bb23b14\" data-element_type=\"widget\" data-widget_type=\"heading.default\">\n\t\t\t\t<div class=\"elementor-widget-container\">\n\t\t\t\t\t<h3 class=\"elementor-heading-title elementor-size-default\">Convocatoria<\/h3>\t\t\t\t<\/div>\n\t\t\t\t<\/div>\n\t\t\t\t<div class=\"elementor-element elementor-element-0b0e52b jltma-glass-effect-no elementor-widget elementor-widget-text-editor\" data-id=\"0b0e52b\" data-element_type=\"widget\" data-widget_type=\"text-editor.default\">\n\t\t\t\t<div class=\"elementor-widget-container\">\n\t\t\t\t\t\t\t\t\t<p>Con el objetivo de dar a conocer las l\u00edneas de investigaci\u00f3n desarrolladas por los grupos acad\u00e9micos de las tres divisiones de la Unidad Iztapalapa, en busca de puntos de interacci\u00f3n o de inter\u00e9s com\u00fan que deriven en sinergias que faciliten el dise\u00f1o e implementaci\u00f3n de proyectos conjuntos multidisciplinarios con un claro aporte al conocimiento cient\u00edfico y con incidencia social, la Comisi\u00f3n Organizadora integrada por profesores de las tres divisiones de la Universidad Aut\u00f3noma Metropolitana Unidad Iztapalapa (UAM-I).<\/p><p style=\"text-align: center;\">CONVOCA<\/p><p>A la comunidad acad\u00e9mica de las tres Divisiones de la Unidad a participar en el<\/p><p><img loading=\"lazy\" decoding=\"async\" class=\"wp-image-492 aligncenter\" src=\"http:\/\/forosuami.izt.uam.mx\/wp-content\/uploads\/2023\/05\/foro-salud-alargado.png\" alt=\"\" width=\"600\" height=\"72\" \/><\/p><p>A realizarse los d\u00edas <strong>26 y 27 de junio<\/strong> en la Sala Cuicacalli, en las modalidades presencial y virtual.<\/p><p><strong>REGISTRO<\/strong><\/p><p>El registro de participaci\u00f3n se realizar\u00e1 con el env\u00edo de un resumen con un t\u00edtulo informativo seguido de un <strong>texto de no m\u00e1s de 250 palabras<\/strong> que informe el objetivo general de la l\u00ednea de investigaci\u00f3n, las metas principales, los m\u00e9todos, las estrategias, el acceso a poblaci\u00f3n y\/o los recursos que permitan exponer los aspectos potenciales de interacci\u00f3n multidisciplinar que puedan permitir\u00a0 la creaci\u00f3n de grupos de inter\u00e9s, que deriven en la creaci\u00f3n e implementaci\u00f3n de proyectos conjuntos.<\/p><p>Cabe mencionar que dicho resumen deber\u00e1 enfatizar los elementos que permitan conectar, atraer y sostener posibilidades de colaboraci\u00f3n profunda, sostenible y abierta con resultados interdisciplinarios durante los siguientes a\u00f1os entre \u00c1reas Acad\u00e9micas, Departamentos y Divisiones de la UAM-I. Por esto, se deber\u00e1 procurar que el resumen\u00a0 no se reduzca a exponer \u00fanicamente los resultados de investigaciones concluidas, los proyectos registrados ante los Consejos Divisionales, o logros de tipo individual o grupal.<\/p><p>Las propuestas deber\u00e1n ser enmarcadas en uno de los siguientes ejes de la Salud y el Bienestar:<\/p><p><strong>\u2022\u00a0 Enfermedades cr\u00f3nicas e impacto social<\/strong><\/p><p><strong>\u2022 Salud y desigualdad<\/strong><\/p><p><strong>\u2022 Innovaci\u00f3n, tecnolog\u00eda y salud<\/strong><\/p><p><strong>\u2022 Ambiente y comunidad<\/strong><\/p><p>El resumen debe ser enviado a m\u00e1s tardar el <strong>mi\u00e9rcoles 14 de junio del 2023<\/strong>, al correo: <em><strong>forounitario.salud@izt.uam.mx<\/strong><\/em>, indicando el nombre, tel\u00e9fono y correo electr\u00f3nico del o la\u00a0 profesor\/a responsable.<\/p><p><strong>PARTICIPACI\u00d3N<\/strong><\/p><p>La propuesta debe ser presentada en un <strong>cartel (infogr\u00e1fico) de 90 cm de ancho por 120 cm de largo<\/strong>, el cual deber\u00e1 contener la informaci\u00f3n del resumen de registro, pudi\u00e9ndose incluir algunos resultados destacados, y algunos de los elementos ya se\u00f1alados para converger con otros y otras investigadoras de nuestra Unidad. El cartel debe ser <strong>enviado en versi\u00f3n PDF (5 MB m\u00e1ximo)<\/strong>\u00a0 para su publicaci\u00f3n en el sitio web de la Universidad.<\/p><p>Adicionalmente, se debe incluir un video en formato horizontal de no m\u00e1s de 3 min, en el que se describa o explique la l\u00ednea de investigaci\u00f3n ofrecida para colaboraci\u00f3n interunitaria. Tanto el cartel como el video deben dejar claro los datos completos de los profesores participantes para el contacto posterior y deben ser enviado <strong>a m\u00e1s tardar el 22 de junio del 2023<\/strong>.<\/p><p>Se asignar\u00e1n mamparas y espacios los d\u00edas del evento para exponer el cartel por hora y media, y deber\u00e1 estar presente la o el investigador principal para explicarlo, resolver dudas y plantear las posibilidades de colaboraci\u00f3n con el resto de la comunidad de investigaci\u00f3n de la Unidad, as\u00ed como con invitados externos.<\/p><p>Como ya se mencion\u00f3 el objetivo de esta actividad ser\u00e1 la conexi\u00f3n (<em>networking<\/em>) para concretar colaboraciones futuras, adem\u00e1s de la divulgaci\u00f3n p\u00fablica del conocimiento.<\/p><p><strong>COMENTARIOS ADICIONALES<\/strong><\/p><p>Para cualquier aclaraci\u00f3n, sugerencia o comentario, se recuerda que a la brevedad tendremos el correo <em><strong>forounitario.salud@izt.uam.mx<\/strong><\/em>, as\u00ed como la creaci\u00f3n de un micrositio en la p\u00e1gina web de la Unidad Iztapalapa con secci\u00f3n de preguntas y respuestas.<\/p>\t\t\t\t\t\t\t\t<\/div>\n\t\t\t\t<\/div>\n\t\t\t\t\t<\/div>\n\t\t<\/div>\n\t\t\t\t<div class=\"elementor-column elementor-col-16 elementor-top-column elementor-element elementor-element-5d831d2 jltma-glass-effect-no\" data-id=\"5d831d2\" data-element_type=\"column\" data-settings=\"{&quot;background_background&quot;:&quot;classic&quot;}\">\n\t\t\t<div class=\"elementor-widget-wrap elementor-element-populated\">\n\t\t\t\t\t\t<div class=\"elementor-element elementor-element-8b00d1e elementor-hidden-mobile jltma-glass-effect-no elementor-widget elementor-widget-image\" data-id=\"8b00d1e\" data-element_type=\"widget\" data-widget_type=\"image.default\">\n\t\t\t\t<div class=\"elementor-widget-container\">\n\t\t\t\t\t\t\t\t\t\t\t\t\t\t\t<img loading=\"lazy\" decoding=\"async\" width=\"387\" height=\"1024\" src=\"https:\/\/forosuami.izt.uam.mx\/wp-content\/uploads\/2023\/05\/der.png\" class=\"attachment-large size-large wp-image-262\" alt=\"\" \/>\t\t\t\t\t\t\t\t\t\t\t\t\t\t\t<\/div>\n\t\t\t\t<\/div>\n\t\t\t\t\t<\/div>\n\t\t<\/div>\n\t\t\t\t\t<\/div>\n\t\t<\/section>\n\t\t\t\t<section class=\"elementor-section elementor-top-section elementor-element elementor-element-adcc05e elementor-hidden-mobile elementor-section-boxed elementor-section-height-default elementor-section-height-default jltma-glass-effect-no\" data-id=\"adcc05e\" data-element_type=\"section\">\n\t\t\t\t\t\t<div class=\"elementor-container elementor-column-gap-default\">\n\t\t\t\t\t<div class=\"elementor-column elementor-col-100 elementor-top-column elementor-element elementor-element-19ecf73 jltma-glass-effect-no\" data-id=\"19ecf73\" data-element_type=\"column\" data-settings=\"{&quot;background_background&quot;:&quot;classic&quot;}\">\n\t\t\t<div class=\"elementor-widget-wrap elementor-element-populated\">\n\t\t\t\t\t\t<div class=\"elementor-element elementor-element-48a810d jltma-glass-effect-no elementor-widget elementor-widget-spacer\" data-id=\"48a810d\" data-element_type=\"widget\" data-widget_type=\"spacer.default\">\n\t\t\t\t<div class=\"elementor-widget-container\">\n\t\t\t\t\t\t\t<div class=\"elementor-spacer\">\n\t\t\t<div class=\"elementor-spacer-inner\"><\/div>\n\t\t<\/div>\n\t\t\t\t\t\t<\/div>\n\t\t\t\t<\/div>\n\t\t\t\t\t<\/div>\n\t\t<\/div>\n\t\t\t\t\t<\/div>\n\t\t<\/section>\n\t\t\t\t<section class=\"elementor-section elementor-top-section elementor-element elementor-element-d452916 elementor-section-boxed elementor-section-height-default elementor-section-height-default jltma-glass-effect-no\" data-id=\"d452916\" data-element_type=\"section\">\n\t\t\t\t\t\t<div class=\"elementor-container elementor-column-gap-default\">\n\t\t\t\t\t<div class=\"elementor-column elementor-col-100 elementor-top-column elementor-element elementor-element-dbc1603 jltma-glass-effect-no\" data-id=\"dbc1603\" data-element_type=\"column\" data-settings=\"{&quot;background_background&quot;:&quot;classic&quot;}\">\n\t\t\t<div class=\"elementor-widget-wrap elementor-element-populated\">\n\t\t\t\t\t\t<div class=\"elementor-element elementor-element-bfa9bb7 jltma-glass-effect-no elementor-widget elementor-widget-spacer\" data-id=\"bfa9bb7\" data-element_type=\"widget\" data-widget_type=\"spacer.default\">\n\t\t\t\t<div class=\"elementor-widget-container\">\n\t\t\t\t\t\t\t<div class=\"elementor-spacer\">\n\t\t\t<div class=\"elementor-spacer-inner\"><\/div>\n\t\t<\/div>\n\t\t\t\t\t\t<\/div>\n\t\t\t\t<\/div>\n\t\t\t\t\t<\/div>\n\t\t<\/div>\n\t\t\t\t\t<\/div>\n\t\t<\/section>\n\t\t\t\t<\/div>\n\t\t","protected":false},"excerpt":{"rendered":"<p>FECHA L\u00cdMITE PARA EL ENV\u00cdO DE RES\u00daMENES 14 DE JUNIO Convocatoria Con el objetivo de dar a conocer las l\u00edneas de investigaci\u00f3n desarrolladas por los grupos acad\u00e9micos de las tres divisiones de la Unidad Iztapalapa, en busca de puntos de interacci\u00f3n o de inter\u00e9s com\u00fan que deriven en sinergias que faciliten el dise\u00f1o e implementaci\u00f3n [&hellip;]<\/p>\n","protected":false},"author":1,"featured_media":0,"parent":0,"menu_order":0,"comment_status":"closed","ping_status":"closed","template":"elementor_header_footer","meta":{"om_disable_all_campaigns":false,"_monsterinsights_skip_tracking":false,"_monsterinsights_sitenote_active":false,"_monsterinsights_sitenote_note":"","_monsterinsights_sitenote_category":0,"_uf_show_specific_survey":0,"_uf_disable_surveys":false,"footnotes":""},"class_list":["post-797","page","type-page","status-publish","hentry"],"aioseo_notices":[],"_links":{"self":[{"href":"https:\/\/forosuami.izt.uam.mx\/index.php\/wp-json\/wp\/v2\/pages\/797","targetHints":{"allow":["GET"]}}],"collection":[{"href":"https:\/\/forosuami.izt.uam.mx\/index.php\/wp-json\/wp\/v2\/pages"}],"about":[{"href":"https:\/\/forosuami.izt.uam.mx\/index.php\/wp-json\/wp\/v2\/types\/page"}],"author":[{"embeddable":true,"href":"https:\/\/forosuami.izt.uam.mx\/index.php\/wp-json\/wp\/v2\/users\/1"}],"replies":[{"embeddable":true,"href":"https:\/\/forosuami.izt.uam.mx\/index.php\/wp-json\/wp\/v2\/comments?post=797"}],"version-history":[{"count":19,"href":"https:\/\/forosuami.izt.uam.mx\/index.php\/wp-json\/wp\/v2\/pages\/797\/revisions"}],"predecessor-version":[{"id":923,"href":"https:\/\/forosuami.izt.uam.mx\/index.php\/wp-json\/wp\/v2\/pages\/797\/revisions\/923"}],"wp:attachment":[{"href":"https:\/\/forosuami.izt.uam.mx\/index.php\/wp-json\/wp\/v2\/media?parent=797"}],"curies":[{"name":"wp","href":"https:\/\/api.w.org\/{rel}","templated":true}]}}