{"id":558,"date":"2023-05-29T20:39:15","date_gmt":"2023-05-29T20:39:15","guid":{"rendered":"http:\/\/forosuami.izt.uam.mx\/?page_id=558"},"modified":"2023-06-02T00:09:37","modified_gmt":"2023-06-02T00:09:37","slug":"magistral-ponce","status":"publish","type":"page","link":"https:\/\/forosuami.izt.uam.mx\/index.php\/magistral-ponce\/","title":{"rendered":"Conferencia magistral Dra. Mar\u00eda Guadalupe Ponce V\u00e9lez"},"content":{"rendered":"\t\t<div data-elementor-type=\"wp-page\" data-elementor-id=\"558\" class=\"elementor elementor-558\" data-elementor-post-type=\"page\">\n\t\t\t\t\t\t<section class=\"elementor-section elementor-top-section elementor-element elementor-element-7c16ab4 elementor-hidden-mobile elementor-section-boxed elementor-section-height-default elementor-section-height-default jltma-glass-effect-no\" data-id=\"7c16ab4\" data-element_type=\"section\" data-settings=\"{&quot;background_background&quot;:&quot;classic&quot;}\">\n\t\t\t\t\t\t<div class=\"elementor-container elementor-column-gap-default\">\n\t\t\t\t\t<div class=\"elementor-column elementor-col-50 elementor-top-column elementor-element elementor-element-e281f54 jltma-glass-effect-no\" data-id=\"e281f54\" data-element_type=\"column\" data-settings=\"{&quot;background_background&quot;:&quot;classic&quot;}\">\n\t\t\t<div class=\"elementor-widget-wrap elementor-element-populated\">\n\t\t\t\t\t\t<div class=\"elementor-element elementor-element-2ac6048 jltma-glass-effect-no elementor-widget elementor-widget-image\" data-id=\"2ac6048\" data-element_type=\"widget\" data-widget_type=\"image.default\">\n\t\t\t\t<div class=\"elementor-widget-container\">\n\t\t\t\t\t\t\t\t\t\t\t\t\t\t\t\t<a href=\"http:\/\/forosuami.izt.uam.mx\">\n\t\t\t\t\t\t\t<img fetchpriority=\"high\" decoding=\"async\" width=\"300\" height=\"197\" src=\"https:\/\/forosuami.izt.uam.mx\/wp-content\/uploads\/2023\/05\/logoFA3.png\" class=\"attachment-medium size-medium wp-image-597\" alt=\"\" \/>\t\t\t\t\t\t\t\t<\/a>\n\t\t\t\t\t\t\t\t\t\t\t\t\t\t\t<\/div>\n\t\t\t\t<\/div>\n\t\t\t\t\t<\/div>\n\t\t<\/div>\n\t\t\t\t<div class=\"elementor-column elementor-col-25 elementor-top-column elementor-element elementor-element-ea6b653 jltma-glass-effect-no\" data-id=\"ea6b653\" data-element_type=\"column\" data-settings=\"{&quot;background_background&quot;:&quot;classic&quot;}\">\n\t\t\t<div class=\"elementor-widget-wrap elementor-element-populated\">\n\t\t\t\t\t\t<div class=\"elementor-element elementor-element-ff97313 jltma-glass-effect-no elementor-widget elementor-widget-image\" data-id=\"ff97313\" data-element_type=\"widget\" data-widget_type=\"image.default\">\n\t\t\t\t<div class=\"elementor-widget-container\">\n\t\t\t\t\t\t\t\t\t\t\t\t\t\t\t\t<a href=\"http:\/\/www.izt.uam.mx\" target=\"_blank\">\n\t\t\t\t\t\t\t<img decoding=\"async\" width=\"300\" height=\"82\" src=\"https:\/\/forosuami.izt.uam.mx\/wp-content\/uploads\/2023\/05\/logos.png\" class=\"attachment-medium size-medium wp-image-76\" alt=\"\" \/>\t\t\t\t\t\t\t\t<\/a>\n\t\t\t\t\t\t\t\t\t\t\t\t\t\t\t<\/div>\n\t\t\t\t<\/div>\n\t\t\t\t\t<\/div>\n\t\t<\/div>\n\t\t\t\t<div class=\"elementor-column elementor-col-25 elementor-top-column elementor-element elementor-element-6c7c5b7 jltma-glass-effect-no\" data-id=\"6c7c5b7\" data-element_type=\"column\" data-settings=\"{&quot;background_background&quot;:&quot;classic&quot;}\">\n\t\t\t<div class=\"elementor-widget-wrap elementor-element-populated\">\n\t\t\t\t\t\t<div class=\"elementor-element elementor-element-d023145 jltma-glass-effect-no elementor-widget elementor-widget-spacer\" data-id=\"d023145\" data-element_type=\"widget\" data-widget_type=\"spacer.default\">\n\t\t\t\t<div class=\"elementor-widget-container\">\n\t\t\t\t\t\t\t<div class=\"elementor-spacer\">\n\t\t\t<div class=\"elementor-spacer-inner\"><\/div>\n\t\t<\/div>\n\t\t\t\t\t\t<\/div>\n\t\t\t\t<\/div>\n\t\t\t\t\t<\/div>\n\t\t<\/div>\n\t\t\t\t\t<\/div>\n\t\t<\/section>\n\t\t\t\t<section class=\"elementor-section elementor-top-section elementor-element elementor-element-752ab92 elementor-section-boxed elementor-section-height-default elementor-section-height-default jltma-glass-effect-no\" data-id=\"752ab92\" data-element_type=\"section\">\n\t\t\t\t\t\t<div class=\"elementor-container elementor-column-gap-default\">\n\t\t\t\t\t<div class=\"elementor-column elementor-col-100 elementor-top-column elementor-element elementor-element-4cad149 jltma-glass-effect-no\" data-id=\"4cad149\" data-element_type=\"column\" data-settings=\"{&quot;background_background&quot;:&quot;classic&quot;}\">\n\t\t\t<div class=\"elementor-widget-wrap elementor-element-populated\">\n\t\t\t\t\t\t<div class=\"elementor-element elementor-element-a3ff215 elementor-hidden-desktop elementor-hidden-tablet jltma-glass-effect-no elementor-widget elementor-widget-image\" data-id=\"a3ff215\" data-element_type=\"widget\" data-widget_type=\"image.default\">\n\t\t\t\t<div class=\"elementor-widget-container\">\n\t\t\t\t\t\t\t\t\t\t\t\t\t\t\t\t<a href=\"http:\/\/www.izt.uam.mx\" target=\"_blank\">\n\t\t\t\t\t\t\t<img decoding=\"async\" width=\"800\" height=\"235\" src=\"https:\/\/forosuami.izt.uam.mx\/wp-content\/uploads\/2023\/05\/logoFA2-y-uam-2.png\" class=\"attachment-large size-large wp-image-599\" alt=\"\" \/>\t\t\t\t\t\t\t\t<\/a>\n\t\t\t\t\t\t\t\t\t\t\t\t\t\t\t<\/div>\n\t\t\t\t<\/div>\n\t\t\t\t\t<\/div>\n\t\t<\/div>\n\t\t\t\t\t<\/div>\n\t\t<\/section>\n\t\t\t\t<section class=\"elementor-section elementor-top-section elementor-element elementor-element-70f015e elementor-hidden-mobile elementor-section-boxed elementor-section-height-default elementor-section-height-default jltma-glass-effect-no\" data-id=\"70f015e\" data-element_type=\"section\">\n\t\t\t\t\t\t<div class=\"elementor-container elementor-column-gap-default\">\n\t\t\t\t\t<div class=\"elementor-column elementor-col-33 elementor-top-column elementor-element elementor-element-20cca71 jltma-glass-effect-no\" data-id=\"20cca71\" data-element_type=\"column\" data-settings=\"{&quot;background_background&quot;:&quot;classic&quot;}\">\n\t\t\t<div class=\"elementor-widget-wrap elementor-element-populated\">\n\t\t\t\t\t\t<div class=\"elementor-element elementor-element-2853eed jltma-glass-effect-no elementor-widget elementor-widget-spacer\" data-id=\"2853eed\" data-element_type=\"widget\" data-widget_type=\"spacer.default\">\n\t\t\t\t<div class=\"elementor-widget-container\">\n\t\t\t\t\t\t\t<div class=\"elementor-spacer\">\n\t\t\t<div class=\"elementor-spacer-inner\"><\/div>\n\t\t<\/div>\n\t\t\t\t\t\t<\/div>\n\t\t\t\t<\/div>\n\t\t\t\t\t<\/div>\n\t\t<\/div>\n\t\t\t\t<div class=\"elementor-column elementor-col-66 elementor-top-column elementor-element elementor-element-d2dcdfc jltma-glass-effect-no\" data-id=\"d2dcdfc\" data-element_type=\"column\" data-settings=\"{&quot;background_background&quot;:&quot;classic&quot;}\">\n\t\t\t<div class=\"elementor-widget-wrap elementor-element-populated\">\n\t\t\t\t\t\t<div class=\"elementor-element elementor-element-dbc01d0 elementor-widget__width-initial jltma-glass-effect-no elementor-widget elementor-widget-image\" data-id=\"dbc01d0\" data-element_type=\"widget\" data-widget_type=\"image.default\">\n\t\t\t\t<div class=\"elementor-widget-container\">\n\t\t\t\t\t\t\t\t\t\t\t\t\t\t\t<img loading=\"lazy\" decoding=\"async\" width=\"800\" height=\"96\" src=\"https:\/\/forosuami.izt.uam.mx\/wp-content\/uploads\/2023\/05\/foro-salud-alargado.png\" class=\"attachment-large size-large wp-image-492\" alt=\"\" \/>\t\t\t\t\t\t\t\t\t\t\t\t\t\t\t<\/div>\n\t\t\t\t<\/div>\n\t\t\t\t\t<\/div>\n\t\t<\/div>\n\t\t\t\t\t<\/div>\n\t\t<\/section>\n\t\t\t\t<section class=\"elementor-section elementor-top-section elementor-element elementor-element-5947956 elementor-hidden-desktop elementor-hidden-tablet elementor-section-boxed elementor-section-height-default elementor-section-height-default jltma-glass-effect-no\" data-id=\"5947956\" data-element_type=\"section\">\n\t\t\t\t\t\t<div class=\"elementor-container elementor-column-gap-default\">\n\t\t\t\t\t<div class=\"elementor-column elementor-col-33 elementor-top-column elementor-element elementor-element-911a871 jltma-glass-effect-no\" data-id=\"911a871\" data-element_type=\"column\" data-settings=\"{&quot;background_background&quot;:&quot;classic&quot;}\">\n\t\t\t<div class=\"elementor-widget-wrap elementor-element-populated\">\n\t\t\t\t\t\t<div class=\"elementor-element elementor-element-e7ebc60 jltma-glass-effect-no elementor-widget elementor-widget-spacer\" data-id=\"e7ebc60\" data-element_type=\"widget\" data-widget_type=\"spacer.default\">\n\t\t\t\t<div class=\"elementor-widget-container\">\n\t\t\t\t\t\t\t<div class=\"elementor-spacer\">\n\t\t\t<div class=\"elementor-spacer-inner\"><\/div>\n\t\t<\/div>\n\t\t\t\t\t\t<\/div>\n\t\t\t\t<\/div>\n\t\t\t\t\t<\/div>\n\t\t<\/div>\n\t\t\t\t<div class=\"elementor-column elementor-col-66 elementor-top-column elementor-element elementor-element-cbaed28 jltma-glass-effect-no\" data-id=\"cbaed28\" data-element_type=\"column\" data-settings=\"{&quot;background_background&quot;:&quot;classic&quot;}\">\n\t\t\t<div class=\"elementor-widget-wrap elementor-element-populated\">\n\t\t\t\t\t\t<div class=\"elementor-element elementor-element-eaa541e elementor-widget__width-initial jltma-glass-effect-no elementor-widget elementor-widget-image\" data-id=\"eaa541e\" data-element_type=\"widget\" data-widget_type=\"image.default\">\n\t\t\t\t<div class=\"elementor-widget-container\">\n\t\t\t\t\t\t\t\t\t\t\t\t\t\t\t<img loading=\"lazy\" decoding=\"async\" width=\"800\" height=\"96\" src=\"https:\/\/forosuami.izt.uam.mx\/wp-content\/uploads\/2023\/05\/foro-salud-alargado.png\" class=\"attachment-large size-large wp-image-492\" alt=\"\" \/>\t\t\t\t\t\t\t\t\t\t\t\t\t\t\t<\/div>\n\t\t\t\t<\/div>\n\t\t\t\t\t<\/div>\n\t\t<\/div>\n\t\t\t\t\t<\/div>\n\t\t<\/section>\n\t\t\t\t<section class=\"elementor-section elementor-top-section elementor-element elementor-element-1a8c1f0 elementor-section-boxed elementor-section-height-default elementor-section-height-default jltma-glass-effect-no\" data-id=\"1a8c1f0\" data-element_type=\"section\" data-settings=\"{&quot;background_background&quot;:&quot;classic&quot;}\">\n\t\t\t\t\t\t<div class=\"elementor-container elementor-column-gap-default\">\n\t\t\t\t\t<div class=\"elementor-column elementor-col-16 elementor-top-column elementor-element elementor-element-d77889a jltma-glass-effect-no\" data-id=\"d77889a\" data-element_type=\"column\" data-settings=\"{&quot;background_background&quot;:&quot;classic&quot;}\">\n\t\t\t<div class=\"elementor-widget-wrap elementor-element-populated\">\n\t\t\t\t\t\t<div class=\"elementor-element elementor-element-3c77acc elementor-hidden-mobile jltma-glass-effect-no elementor-widget elementor-widget-image\" data-id=\"3c77acc\" data-element_type=\"widget\" data-widget_type=\"image.default\">\n\t\t\t\t<div class=\"elementor-widget-container\">\n\t\t\t\t\t\t\t\t\t\t\t\t\t\t\t<img loading=\"lazy\" decoding=\"async\" width=\"388\" height=\"1024\" src=\"https:\/\/forosuami.izt.uam.mx\/wp-content\/uploads\/2023\/05\/izq.png\" class=\"attachment-large size-large wp-image-261\" alt=\"\" \/>\t\t\t\t\t\t\t\t\t\t\t\t\t\t\t<\/div>\n\t\t\t\t<\/div>\n\t\t\t\t\t<\/div>\n\t\t<\/div>\n\t\t\t\t<div class=\"elementor-column elementor-col-66 elementor-top-column elementor-element elementor-element-acdde33 jltma-glass-effect-no\" data-id=\"acdde33\" data-element_type=\"column\" data-settings=\"{&quot;background_background&quot;:&quot;classic&quot;}\">\n\t\t\t<div class=\"elementor-widget-wrap elementor-element-populated\">\n\t\t\t\t\t\t<div class=\"elementor-element elementor-element-d4de13f jltma-glass-effect-no elementor-widget elementor-widget-heading\" data-id=\"d4de13f\" data-element_type=\"widget\" data-widget_type=\"heading.default\">\n\t\t\t\t<div class=\"elementor-widget-container\">\n\t\t\t\t\t<h5 class=\"elementor-heading-title elementor-size-default\">Conferencia magistral<\/h5>\t\t\t\t<\/div>\n\t\t\t\t<\/div>\n\t\t\t\t<div class=\"elementor-element elementor-element-bb23b14 jltma-glass-effect-no elementor-widget elementor-widget-heading\" data-id=\"bb23b14\" data-element_type=\"widget\" data-widget_type=\"heading.default\">\n\t\t\t\t<div class=\"elementor-widget-container\">\n\t\t\t\t\t<h3 class=\"elementor-heading-title elementor-size-default\">Las regiones de emergencia sanitaria y ambiental en M\u00e9xico, un primer c\u00famulo de infiernos t\u00f3xicos<\/h3>\t\t\t\t<\/div>\n\t\t\t\t<\/div>\n\t\t\t\t<section class=\"elementor-section elementor-inner-section elementor-element elementor-element-57c4cf6 elementor-section-boxed elementor-section-height-default elementor-section-height-default jltma-glass-effect-no\" data-id=\"57c4cf6\" data-element_type=\"section\">\n\t\t\t\t\t\t<div class=\"elementor-container elementor-column-gap-default\">\n\t\t\t\t\t<div class=\"elementor-column elementor-col-50 elementor-inner-column elementor-element elementor-element-cd1b883 jltma-glass-effect-no\" data-id=\"cd1b883\" data-element_type=\"column\">\n\t\t\t<div class=\"elementor-widget-wrap elementor-element-populated\">\n\t\t\t\t\t\t<div class=\"elementor-element elementor-element-4cffea2 jltma-glass-effect-no elementor-widget elementor-widget-image\" data-id=\"4cffea2\" data-element_type=\"widget\" data-widget_type=\"image.default\">\n\t\t\t\t<div class=\"elementor-widget-container\">\n\t\t\t\t\t\t\t\t\t\t\t\t\t\t\t<img loading=\"lazy\" decoding=\"async\" width=\"300\" height=\"300\" src=\"https:\/\/forosuami.izt.uam.mx\/wp-content\/uploads\/2023\/05\/Ponce.jpg\" class=\"attachment-medium size-medium wp-image-447\" alt=\"\" \/>\t\t\t\t\t\t\t\t\t\t\t\t\t\t\t<\/div>\n\t\t\t\t<\/div>\n\t\t\t\t\t<\/div>\n\t\t<\/div>\n\t\t\t\t<div class=\"elementor-column elementor-col-50 elementor-inner-column elementor-element elementor-element-838b305 jltma-glass-effect-no\" data-id=\"838b305\" data-element_type=\"column\">\n\t\t\t<div class=\"elementor-widget-wrap elementor-element-populated\">\n\t\t\t\t\t\t<div class=\"elementor-element elementor-element-224c53a jltma-glass-effect-no elementor-widget elementor-widget-text-editor\" data-id=\"224c53a\" data-element_type=\"widget\" data-widget_type=\"text-editor.default\">\n\t\t\t\t<div class=\"elementor-widget-container\">\n\t\t\t\t\t\t\t\t\t<p style=\"text-align: left;\"><span style=\"color: #ffffff;\"><strong>Dra. Mar\u00eda Guadalupe Ponce V\u00e9lez<\/strong><\/span><br \/><span style=\"color: #ffffff;\">Instituto de Ciencias del Mar y Limnolog\u00eda, UNAM<\/span><\/p><p>\u00a0<\/p><p><span style=\"color: #ffffff;\">FORMACI\u00d3N PROFESIONAL<\/span><\/p><ul><li><span style=\"color: #ffffff;\"><strong>LICENCIATURA.<\/strong> BIOLOG\u00cdA. FACULTAD DE CIENCIAS, UNAM<\/span><\/li><li><span style=\"color: #ffffff;\"><strong>MAESTR\u00cdA.<\/strong> EN CIENCIAS (BIOLOG\u00cdA). FACULTAD DE CIENCIAS, UNAM<\/span><\/li><li><span style=\"color: #ffffff;\"><strong>DOCTORADO. <\/strong>EN CIENCIAS DE LA TIERRA. POSGRADO DE CIENCIAS DE LA TIERRA, UNAM (2012)<\/span><\/li><\/ul><p>\u00a0<\/p><p><span style=\"color: #ffffff;\">L\u00cdNEAS DE INVESTIGACI\u00d3N<\/span><\/p><ul><li class=\"style1\"><span style=\"color: #ffffff;\">Especialista en contaminaci\u00f3n costera y marina, principalmente en contaminantes org\u00e1nicos persistentes como hidrocarburos del petr\u00f3leo, plaguicidas organoclorados y bifenilos policlorados.<\/span><\/li><li class=\"style1\"><span style=\"color: #ffffff;\">Integrante del grupo de Contaminaci\u00f3n Marina, responsable de la secci\u00f3n de Contaminantes Org\u00e1nicos Persistentes (COPs). El laboratorio de Contaminaci\u00f3n Marina abarca tambi\u00e9n el grupo de contaminantes inorg\u00e1nicos, principalmente elementos potencialmente t\u00f3xicos como Cd, As, V, Ni, Cr, Pb y elementos esenciales como Cu, Co, Zn, Fe, Mn, adem\u00e1s de par\u00e1metros geoqu\u00edmicos como carbono org\u00e1nico, carbono isot\u00f3pico, granulometr\u00eda, carbonatos en ecosistemas costeros y marinos.<\/span><\/li><\/ul><p>\u00a0<\/p><p><span style=\"color: #ffffff;\">ULTIMAS PUBLICACIONES<\/span><\/p><ul><li class=\"style1\"><span style=\"color: #ffffff;\">Fern\u00e1ndez-Bringas, L.M., <strong>Ponce-V\u00e9lez, G<\/strong>., Calva, B.L.G., Salgado-Ugarte, I.H., Botello, A.V., D\u00edaz-Gonz\u00e1lez, G. 2008. Organochlorine pesticides in lacustrine sediments and tilapias of Metztitl\u00e1n, Hidalgo, M\u00e9xico. <em>Rev. Biol. Trop. (Int.J.Trop.Biol<\/em>. Issn-0034-7744) 56(3): 1381-1390.<\/span><\/li><li class=\"style1\"><span style=\"color: #ffffff;\">Arias, A., V\u00e1zquez-Botello, A., Tombesi, N., <strong>Ponce-V\u00e9lez, G<\/strong>., Freije, H., Marcovecchio, J. 2010. Presence, distribution, and origins of polycyclic aromatic hydrocarbons (PAHs) in sediments from Bah\u00eda Blanca Estuary, Argentina. <em>Environ. Monit. Assess<\/em>. 160(1-4): 301-314. DOI 10.1007\/S10661-008-0696-5<\/span><\/li><li class=\"style1\"><span style=\"color: #ffffff;\">Arias, A., Marcovecchio, J., Freije, H., <strong>Ponce-V\u00e9lez, G<\/strong>., Botello, A.V. 2010. An\u00e1lisis de fuentes y calidad ecotoxicol\u00f3gica de sedimentos contaminados con PAHs en el estuario de Bah\u00eda Blanca, Argentina. <em>Hidrobiol\u00f3gica<\/em> 20(1): 41-55.<\/span><\/li><li class=\"style1\"><span style=\"color: #ffffff;\"><strong>Ponce-V\u00e9lez, G<\/strong>., Botello, A.V., D\u00edaz-Gonz\u00e1lez, G., Garc\u00eda-Ruelas, C. 2012. Persistent organic pollutants in sediment cores of Laguna El Yucateco, Tabasco, Southeastern Gulf of Mexico. <em>Hidrobiologica <\/em>22(2): 161-173.<\/span><\/li><li class=\"style1\"><span style=\"color: #ffffff;\">Botello, A.V., Soto, L.A., <strong>Ponce-V\u00e9lez, G<\/strong>., Villanueva, F.S. 2015. Baseline for PAHs and metals in NW Gulf of Mexico related to the Deepwater Horizon Oil Spill. <em>Estuarine, Coastal And Shelf Science<\/em>, 156(5): 124-133.<\/span><\/li><\/ul>\t\t\t\t\t\t\t\t<\/div>\n\t\t\t\t<\/div>\n\t\t\t\t\t<\/div>\n\t\t<\/div>\n\t\t\t\t\t<\/div>\n\t\t<\/section>\n\t\t\t\t\t<\/div>\n\t\t<\/div>\n\t\t\t\t<div class=\"elementor-column elementor-col-16 elementor-top-column elementor-element elementor-element-5d831d2 jltma-glass-effect-no\" data-id=\"5d831d2\" data-element_type=\"column\" data-settings=\"{&quot;background_background&quot;:&quot;classic&quot;}\">\n\t\t\t<div class=\"elementor-widget-wrap elementor-element-populated\">\n\t\t\t\t\t\t<div class=\"elementor-element elementor-element-8b00d1e elementor-hidden-mobile jltma-glass-effect-no elementor-widget elementor-widget-image\" data-id=\"8b00d1e\" data-element_type=\"widget\" data-widget_type=\"image.default\">\n\t\t\t\t<div class=\"elementor-widget-container\">\n\t\t\t\t\t\t\t\t\t\t\t\t\t\t\t<img loading=\"lazy\" decoding=\"async\" width=\"387\" height=\"1024\" src=\"https:\/\/forosuami.izt.uam.mx\/wp-content\/uploads\/2023\/05\/der.png\" class=\"attachment-large size-large wp-image-262\" alt=\"\" \/>\t\t\t\t\t\t\t\t\t\t\t\t\t\t\t<\/div>\n\t\t\t\t<\/div>\n\t\t\t\t\t<\/div>\n\t\t<\/div>\n\t\t\t\t\t<\/div>\n\t\t<\/section>\n\t\t\t\t<section class=\"elementor-section elementor-top-section elementor-element elementor-element-adcc05e elementor-hidden-mobile elementor-section-boxed elementor-section-height-default elementor-section-height-default jltma-glass-effect-no\" data-id=\"adcc05e\" data-element_type=\"section\">\n\t\t\t\t\t\t<div class=\"elementor-container elementor-column-gap-default\">\n\t\t\t\t\t<div class=\"elementor-column elementor-col-100 elementor-top-column elementor-element elementor-element-19ecf73 jltma-glass-effect-no\" data-id=\"19ecf73\" data-element_type=\"column\" data-settings=\"{&quot;background_background&quot;:&quot;classic&quot;}\">\n\t\t\t<div class=\"elementor-widget-wrap elementor-element-populated\">\n\t\t\t\t\t\t<div class=\"elementor-element elementor-element-48a810d jltma-glass-effect-no elementor-widget elementor-widget-spacer\" data-id=\"48a810d\" data-element_type=\"widget\" data-widget_type=\"spacer.default\">\n\t\t\t\t<div class=\"elementor-widget-container\">\n\t\t\t\t\t\t\t<div class=\"elementor-spacer\">\n\t\t\t<div class=\"elementor-spacer-inner\"><\/div>\n\t\t<\/div>\n\t\t\t\t\t\t<\/div>\n\t\t\t\t<\/div>\n\t\t\t\t\t<\/div>\n\t\t<\/div>\n\t\t\t\t\t<\/div>\n\t\t<\/section>\n\t\t\t\t<section class=\"elementor-section elementor-top-section elementor-element elementor-element-d452916 elementor-section-boxed elementor-section-height-default elementor-section-height-default jltma-glass-effect-no\" data-id=\"d452916\" data-element_type=\"section\">\n\t\t\t\t\t\t<div class=\"elementor-container elementor-column-gap-default\">\n\t\t\t\t\t<div class=\"elementor-column elementor-col-100 elementor-top-column elementor-element elementor-element-dbc1603 jltma-glass-effect-no\" data-id=\"dbc1603\" data-element_type=\"column\" data-settings=\"{&quot;background_background&quot;:&quot;classic&quot;}\">\n\t\t\t<div class=\"elementor-widget-wrap elementor-element-populated\">\n\t\t\t\t\t\t<div class=\"elementor-element elementor-element-bfa9bb7 jltma-glass-effect-no elementor-widget elementor-widget-spacer\" data-id=\"bfa9bb7\" data-element_type=\"widget\" data-widget_type=\"spacer.default\">\n\t\t\t\t<div class=\"elementor-widget-container\">\n\t\t\t\t\t\t\t<div class=\"elementor-spacer\">\n\t\t\t<div class=\"elementor-spacer-inner\"><\/div>\n\t\t<\/div>\n\t\t\t\t\t\t<\/div>\n\t\t\t\t<\/div>\n\t\t\t\t\t<\/div>\n\t\t<\/div>\n\t\t\t\t\t<\/div>\n\t\t<\/section>\n\t\t\t\t<\/div>\n\t\t","protected":false},"excerpt":{"rendered":"<p>Conferencia magistral Las regiones de emergencia sanitaria y ambiental en M\u00e9xico, un primer c\u00famulo de infiernos t\u00f3xicos Dra. Mar\u00eda Guadalupe Ponce V\u00e9lezInstituto de Ciencias del Mar y Limnolog\u00eda, UNAM \u00a0 FORMACI\u00d3N PROFESIONAL LICENCIATURA. BIOLOG\u00cdA. FACULTAD DE CIENCIAS, UNAM MAESTR\u00cdA. EN CIENCIAS (BIOLOG\u00cdA). FACULTAD DE CIENCIAS, UNAM DOCTORADO. EN CIENCIAS DE LA TIERRA. POSGRADO DE CIENCIAS [&hellip;]<\/p>\n","protected":false},"author":1,"featured_media":0,"parent":0,"menu_order":0,"comment_status":"closed","ping_status":"closed","template":"elementor_header_footer","meta":{"om_disable_all_campaigns":false,"_monsterinsights_skip_tracking":false,"_monsterinsights_sitenote_active":false,"_monsterinsights_sitenote_note":"","_monsterinsights_sitenote_category":0,"_uf_show_specific_survey":0,"_uf_disable_surveys":false,"footnotes":""},"class_list":["post-558","page","type-page","status-publish","hentry"],"aioseo_notices":[],"_links":{"self":[{"href":"https:\/\/forosuami.izt.uam.mx\/index.php\/wp-json\/wp\/v2\/pages\/558","targetHints":{"allow":["GET"]}}],"collection":[{"href":"https:\/\/forosuami.izt.uam.mx\/index.php\/wp-json\/wp\/v2\/pages"}],"about":[{"href":"https:\/\/forosuami.izt.uam.mx\/index.php\/wp-json\/wp\/v2\/types\/page"}],"author":[{"embeddable":true,"href":"https:\/\/forosuami.izt.uam.mx\/index.php\/wp-json\/wp\/v2\/users\/1"}],"replies":[{"embeddable":true,"href":"https:\/\/forosuami.izt.uam.mx\/index.php\/wp-json\/wp\/v2\/comments?post=558"}],"version-history":[{"count":22,"href":"https:\/\/forosuami.izt.uam.mx\/index.php\/wp-json\/wp\/v2\/pages\/558\/revisions"}],"predecessor-version":[{"id":840,"href":"https:\/\/forosuami.izt.uam.mx\/index.php\/wp-json\/wp\/v2\/pages\/558\/revisions\/840"}],"wp:attachment":[{"href":"https:\/\/forosuami.izt.uam.mx\/index.php\/wp-json\/wp\/v2\/media?parent=558"}],"curies":[{"name":"wp","href":"https:\/\/api.w.org\/{rel}","templated":true}]}}